{"id":149,"date":"2022-03-14T04:34:19","date_gmt":"2022-03-14T04:34:19","guid":{"rendered":"https:\/\/rozaed.com\/?page_id=149"},"modified":"2022-03-14T04:34:19","modified_gmt":"2022-03-14T04:34:19","slug":"contact","status":"publish","type":"page","link":"https:\/\/rozaed.com\/index.php\/contact\/","title":{"rendered":"Contact"},"content":{"rendered":"\n<p>Pour me contacter, veuillez utiliser mon mail ou mon num\u00e9ro de t\u00e9l\u00e9phone :<\/p>\n\n\n\n<p>T\u00e9l\u00e9phone : 0671275526<br>Mail : rozaed@orange.fr<\/p>\n","protected":false},"excerpt":{"rendered":"<p>Pour me contacter, veuillez utiliser mon mail ou mon num\u00e9ro de t\u00e9l\u00e9phone : T\u00e9l\u00e9phone : 0671275526Mail : rozaed@orange.fr<\/p>\n","protected":false},"author":1,"featured_media":0,"parent":0,"menu_order":0,"comment_status":"closed","ping_status":"closed","template":"","meta":{"_regular_price":[],"currency_symbol":[],"footnotes":""},"class_list":["post-149","page","type-page","status-publish","hentry"],"post_slider_layout_featured_media_urls":{"thumbnail":"","post_slider_layout_landscape_large":"","post_slider_layout_portrait_large":"","post_slider_layout_square_large":"","post_slider_layout_landscape":"","post_slider_layout_portrait":"","post_slider_layout_square":"","full":""},"yoast_head":"<!-- This site is optimized with the Yoast SEO plugin v18.1 - https:\/\/yoast.com\/wordpress\/plugins\/seo\/ -->\n<title>Contact - Rozaed<\/title>\n<meta name=\"robots\" content=\"index, follow, max-snippet:-1, max-image-preview:large, max-video-preview:-1\" \/>\n<link rel=\"canonical\" href=\"https:\/\/rozaed.com\/index.php\/contact\/\" \/>\n<meta property=\"og:locale\" content=\"fr_FR\" \/>\n<meta property=\"og:type\" content=\"article\" \/>\n<meta property=\"og:title\" content=\"Contact - Rozaed\" \/>\n<meta property=\"og:description\" content=\"Pour me contacter, veuillez utiliser mon mail ou mon num\u00e9ro de t\u00e9l\u00e9phone : T\u00e9l\u00e9phone : 0671275526Mail : rozaed@orange.fr\" \/>\n<meta property=\"og:url\" content=\"https:\/\/rozaed.com\/index.php\/contact\/\" \/>\n<meta property=\"og:site_name\" content=\"Rozaed\" \/>\n<meta name=\"twitter:card\" content=\"summary_large_image\" \/>\n<meta name=\"twitter:label1\" content=\"Dur\u00e9e de lecture estim\u00e9e\" \/>\n\t<meta name=\"twitter:data1\" content=\"1 minute\" \/>\n<script type=\"application\/ld+json\" class=\"yoast-schema-graph\">{\"@context\":\"https:\/\/schema.org\",\"@graph\":[{\"@type\":\"WebSite\",\"@id\":\"https:\/\/rozaed.com\/#website\",\"url\":\"https:\/\/rozaed.com\/\",\"name\":\"Rozaed\",\"description\":\"Artiste peintre\",\"potentialAction\":[{\"@type\":\"SearchAction\",\"target\":{\"@type\":\"EntryPoint\",\"urlTemplate\":\"https:\/\/rozaed.com\/?s={search_term_string}\"},\"query-input\":\"required name=search_term_string\"}],\"inLanguage\":\"fr-FR\"},{\"@type\":\"WebPage\",\"@id\":\"https:\/\/rozaed.com\/index.php\/contact\/#webpage\",\"url\":\"https:\/\/rozaed.com\/index.php\/contact\/\",\"name\":\"Contact - Rozaed\",\"isPartOf\":{\"@id\":\"https:\/\/rozaed.com\/#website\"},\"datePublished\":\"2022-03-14T04:34:19+00:00\",\"dateModified\":\"2022-03-14T04:34:19+00:00\",\"breadcrumb\":{\"@id\":\"https:\/\/rozaed.com\/index.php\/contact\/#breadcrumb\"},\"inLanguage\":\"fr-FR\",\"potentialAction\":[{\"@type\":\"ReadAction\",\"target\":[\"https:\/\/rozaed.com\/index.php\/contact\/\"]}]},{\"@type\":\"BreadcrumbList\",\"@id\":\"https:\/\/rozaed.com\/index.php\/contact\/#breadcrumb\",\"itemListElement\":[{\"@type\":\"ListItem\",\"position\":1,\"name\":\"Accueil\",\"item\":\"https:\/\/rozaed.com\/\"},{\"@type\":\"ListItem\",\"position\":2,\"name\":\"Contact\"}]}]}<\/script>\n<!-- \/ Yoast SEO plugin. -->","yoast_head_json":{"title":"Contact - Rozaed","robots":{"index":"index","follow":"follow","max-snippet":"max-snippet:-1","max-image-preview":"max-image-preview:large","max-video-preview":"max-video-preview:-1"},"canonical":"https:\/\/rozaed.com\/index.php\/contact\/","og_locale":"fr_FR","og_type":"article","og_title":"Contact - Rozaed","og_description":"Pour me contacter, veuillez utiliser mon mail ou mon num\u00e9ro de t\u00e9l\u00e9phone : T\u00e9l\u00e9phone : 0671275526Mail : rozaed@orange.fr","og_url":"https:\/\/rozaed.com\/index.php\/contact\/","og_site_name":"Rozaed","twitter_card":"summary_large_image","twitter_misc":{"Dur\u00e9e de lecture estim\u00e9e":"1 minute"},"schema":{"@context":"https:\/\/schema.org","@graph":[{"@type":"WebSite","@id":"https:\/\/rozaed.com\/#website","url":"https:\/\/rozaed.com\/","name":"Rozaed","description":"Artiste peintre","potentialAction":[{"@type":"SearchAction","target":{"@type":"EntryPoint","urlTemplate":"https:\/\/rozaed.com\/?s={search_term_string}"},"query-input":"required name=search_term_string"}],"inLanguage":"fr-FR"},{"@type":"WebPage","@id":"https:\/\/rozaed.com\/index.php\/contact\/#webpage","url":"https:\/\/rozaed.com\/index.php\/contact\/","name":"Contact - Rozaed","isPartOf":{"@id":"https:\/\/rozaed.com\/#website"},"datePublished":"2022-03-14T04:34:19+00:00","dateModified":"2022-03-14T04:34:19+00:00","breadcrumb":{"@id":"https:\/\/rozaed.com\/index.php\/contact\/#breadcrumb"},"inLanguage":"fr-FR","potentialAction":[{"@type":"ReadAction","target":["https:\/\/rozaed.com\/index.php\/contact\/"]}]},{"@type":"BreadcrumbList","@id":"https:\/\/rozaed.com\/index.php\/contact\/#breadcrumb","itemListElement":[{"@type":"ListItem","position":1,"name":"Accueil","item":"https:\/\/rozaed.com\/"},{"@type":"ListItem","position":2,"name":"Contact"}]}]}},"_links":{"self":[{"href":"https:\/\/rozaed.com\/index.php\/wp-json\/wp\/v2\/pages\/149","targetHints":{"allow":["GET"]}}],"collection":[{"href":"https:\/\/rozaed.com\/index.php\/wp-json\/wp\/v2\/pages"}],"about":[{"href":"https:\/\/rozaed.com\/index.php\/wp-json\/wp\/v2\/types\/page"}],"author":[{"embeddable":true,"href":"https:\/\/rozaed.com\/index.php\/wp-json\/wp\/v2\/users\/1"}],"replies":[{"embeddable":true,"href":"https:\/\/rozaed.com\/index.php\/wp-json\/wp\/v2\/comments?post=149"}],"version-history":[{"count":2,"href":"https:\/\/rozaed.com\/index.php\/wp-json\/wp\/v2\/pages\/149\/revisions"}],"predecessor-version":[{"id":336,"href":"https:\/\/rozaed.com\/index.php\/wp-json\/wp\/v2\/pages\/149\/revisions\/336"}],"wp:attachment":[{"href":"https:\/\/rozaed.com\/index.php\/wp-json\/wp\/v2\/media?parent=149"}],"curies":[{"name":"wp","href":"https:\/\/api.w.org\/{rel}","templated":true}]}}